{"id":735,"date":"2024-07-12T18:14:16","date_gmt":"2024-07-12T16:14:16","guid":{"rendered":"https:\/\/gloriallavador.fr\/quien-soy\/"},"modified":"2025-01-21T17:49:57","modified_gmt":"2025-01-21T16:49:57","slug":"quien-soy","status":"publish","type":"page","link":"https:\/\/gloriallavador.fr\/es\/quien-soy\/","title":{"rendered":"\u00bfQuien soy?"},"content":{"rendered":"<p>[et_pb_section fb_built=\u00bb1&#8243; _builder_version=\u00bb4.27.0&#8243; _module_preset=\u00bbdefault\u00bb background_color=\u00bbgcid-75f5fdb6-9c56-466b-94c7-d220f11e3666&#8243; da_disable_devices=\u00bboff|off|off\u00bb global_colors_info=\u00bb{%22gcid-75f5fdb6-9c56-466b-94c7-d220f11e3666%22:%91%22background_color%22%93}\u00bb da_is_popup=\u00bboff\u00bb da_exit_intent=\u00bboff\u00bb da_has_close=\u00bbon\u00bb da_alt_close=\u00bboff\u00bb da_dark_close=\u00bboff\u00bb da_not_modal=\u00bbon\u00bb da_is_singular=\u00bboff\u00bb da_with_loader=\u00bboff\u00bb da_has_shadow=\u00bbon\u00bb][et_pb_row _builder_version=\u00bb4.27.0&#8243; _module_preset=\u00bbdefault\u00bb max_width=\u00bb1600px\u00bb global_colors_info=\u00bb{}\u00bb][et_pb_column type=\u00bb4_4&#8243; _builder_version=\u00bb4.23.1&#8243; _module_preset=\u00bbdefault\u00bb global_colors_info=\u00bb{}\u00bb][et_pb_heading title=\u00bb\u00bfQuien soy?\u00bb _builder_version=\u00bb4.27.0&#8243; _module_preset=\u00bbdefault\u00bb title_font=\u00bbAlegreya SC||||||||\u00bb title_text_color=\u00bbgcid-4199f482-f769-4177-a413-9243ac9a326c\u00bb global_colors_info=\u00bb{%22gcid-4199f482-f769-4177-a413-9243ac9a326c%22:%91%22title_text_color%22%93}\u00bb][\/et_pb_heading][\/et_pb_column][\/et_pb_row][et_pb_row column_structure=\u00bb3_5,2_5&#8243; make_equal=\u00bbon\u00bb _builder_version=\u00bb4.27.4&#8243; _module_preset=\u00bbdefault\u00bb max_width=\u00bb1600px\u00bb global_colors_info=\u00bb{}\u00bb][et_pb_column type=\u00bb3_5&#8243; _builder_version=\u00bb4.27.0&#8243; _module_preset=\u00bbdefault\u00bb custom_css_main_element=\u00bbmargin:auto;\u00bb global_colors_info=\u00bb{}\u00bb][et_pb_text _builder_version=\u00bb4.27.4&#8243; _module_preset=\u00bbdefault\u00bb text_text_color=\u00bbgcid-4199f482-f769-4177-a413-9243ac9a326c\u00bb header_text_color=\u00bbgcid-9cfb4392-8afe-40ae-9a7f-2fdd870c6645&#8243; custom_margin=\u00bb50px||50px||false|false\u00bb hover_enabled=\u00bb0&#8243; global_colors_info=\u00bb{%22gcid-9cfb4392-8afe-40ae-9a7f-2fdd870c6645%22:%91%22header_text_color%22%93,%22gcid-4199f482-f769-4177-a413-9243ac9a326c%22:%91%22text_text_color%22%93}\u00bb sticky_enabled=\u00bb0&#8243;]<\/p>\n<p>Desde que era ni\u00f1a, mi pasi\u00f3n por la naturaleza me ha guiado e inspirado. Explorando esta fascinaci\u00f3n decid\u00ed realizar estudios cient\u00edficos para comprenderla y protegerla mejor. Este camino me llev\u00f3 a descubrir otra vocaci\u00f3n: la nutrici\u00f3n. Un mundo en el que puedo combinar mis conocimientos cient\u00edficos con mi compromiso con el bienestar.<\/p>\n<p>La idea de dedicarme a la nutrici\u00f3n surgi\u00f3 m\u00e1s tarde, cuando la mayor\u00eda de la gente ya hab\u00eda definido su carrera profesional. Todo empez\u00f3 con la naturopat\u00eda, y m\u00e1s concretamente con la fitoterapia. Es un mundo fascinante, poco conocido, que puede ofrecer una valiosa alternativa o un complemento eficaz a los tratamientos tradicionales para mejorar nuestro bienestar y nuestra salud.<\/p>\n<p>Poco a poco empec\u00e9 a interesarme y a profundizar en los conocimientos que me permiten acompa\u00f1arte hoy.<\/p>\n<p>[\/et_pb_text][\/et_pb_column][et_pb_column type=\u00bb2_5&#8243; _builder_version=\u00bb4.27.4&#8243; _module_preset=\u00bbdefault\u00bb global_colors_info=\u00bb{}\u00bb][et_pb_image src=\u00bbhttps:\/\/gloriallavador.fr\/wp-content\/uploads\/2025\/01\/WhatsApp-Image-2025-01-08-at-12.03.39.jpeg\u00bb title_text=\u00bbImagen de WhatsApp 2025-01-08 a las 12.03.39&#8243; align=\u00bbcenter\u00bb _builder_version=\u00bb4.27.4&#8243; _module_preset=\u00bbdefault\u00bb width=\u00bb85%\u00bb module_alignment=\u00bbcenter\u00bb global_colors_info=\u00bb{}\u00bb][\/et_pb_image][\/et_pb_column][\/et_pb_row][et_pb_row _builder_version=\u00bb4.23.1&#8243; _module_preset=\u00bbdefault\u00bb global_colors_info=\u00bb{}\u00bb][et_pb_column type=\u00bb4_4&#8243; _builder_version=\u00bb4.23.1&#8243; _module_preset=\u00bbdefault\u00bb global_colors_info=\u00bb{}\u00bb][et_pb_image src=\u00bbhttps:\/\/gloriallavador.fr\/wp-content\/uploads\/2025\/01\/separateur.png\u00bb title_text=\u00bbseparador\u00bb align=\u00bbcenter\u00bb _builder_version=\u00bb4.27.0&#8243; _module_preset=\u00bbdefault\u00bb background_color=\u00bbgcid-75f5fdb6-9c56-466b-94c7-d220f11e3666&#8243; width=\u00bb39%\u00bb max_width=\u00bb98%\u00bb global_colors_info=\u00bb{%22gcid-75f5fdb6-9c56-466b-94c7-d220f11e3666%22:%91%22background_color%22%93}\u00bb][\/et_pb_image][\/et_pb_column][\/et_pb_row][et_pb_row column_structure=\u00bb2_5,3_5&#8243; make_equal=\u00bbon\u00bb _builder_version=\u00bb4.27.0&#8243; _module_preset=\u00bbdefault\u00bb max_width=\u00bb1600px\u00bb global_colors_info=\u00bb{}\u00bb][et_pb_column type=\u00bb2_5&#8243; _builder_version=\u00bb4.23.1&#8243; _module_preset=\u00bbdefault\u00bb global_colors_info=\u00bb{}\u00bb][et_pb_image src=\u00bbhttps:\/\/gloriallavador.fr\/wp-content\/uploads\/2024\/07\/photo-gloria-1-1.png\u00bb title_text=\u00bbfoto gloria 1&#8243; align=\u00bbcenter\u00bb _builder_version=\u00bb4.27.4&#8243; _module_preset=\u00bbdefault\u00bb module_alignment=\u00bbcenter\u00bb global_colors_info=\u00bb{}\u00bb][\/et_pb_image][\/et_pb_column][et_pb_column type=\u00bb3_5&#8243; _builder_version=\u00bb4.27.0&#8243; _module_preset=\u00bbdefault\u00bb custom_css_main_element=\u00bbmargin:auto;\u00bb global_colors_info=\u00bb{}\u00bb][et_pb_text _builder_version=\u00bb4.27.4&#8243; _module_preset=\u00bbdefault\u00bb text_text_color=\u00bbgcid-4199f482-f769-4177-a413-9243ac9a326c\u00bb header_text_color=\u00bbgcid-9cfb4392-8afe-40ae-9a7f-2fdd870c6645&#8243; custom_margin=\u00bb||||false|false\u00bb global_colors_info=\u00bb{%22gcid-9cfb4392-8afe-40ae-9a7f-2fdd870c6645%22:%91%22header_text_color%22%93,%22gcid-4199f482-f769-4177-a413-9243ac9a326c%22:%91%22text_text_color%22%93}\u00bb]<\/p>\n<p>&nbsp;<\/p>\n<p>Tras unos a\u00f1os de trabajo en la industria alimentaria, donde adquir\u00ed s\u00f3lidos conocimientos de tecnolog\u00eda y seguridad alimentaria, decid\u00ed reorientarme hacia mi verdadera vocaci\u00f3n: la nutrici\u00f3n y el bienestar.<\/p>\n<p>Este cambio de direcci\u00f3n me ha permitido combinar mis conocimientos cient\u00edficos con un enfoque m\u00e1s humano y hol\u00edstico. Me form\u00e9 como coach de nutricion y me especialic\u00e9 en nutrici\u00f3n centrada en la salud hormonal, as\u00ed como en fitoterapia, para integrar los beneficios de las plantas en un enfoque hol\u00edstico de la salud.<\/p>\n<p>Al mismo tiempo, he ido desarrollando mis habilidades en la cocina vegetariana, para poder ofrecer soluciones pr\u00e1cticas y sabrosas a quienes desean adoptar una dieta m\u00e1s equilibrada que respete su salud y el medio ambiente.<\/p>\n<p>Mas tarde, quise ampliar y afianzar estos conocimientos. As\u00ed fue como decid\u00ed obtener el FP en diet\u00e9tica y un diploma en nutrici\u00f3n y salud hormonal de la mujer (ICNS, <span> <em>Instituto de Nutrici\u00f3n y Ciencias de la Salud)<\/em><\/span><\/p>\n<div dir=\"ltr\">\n<div>Sin embargo, como la nutrici\u00f3n evoluciona constantemente, sigo form\u00e1ndome con regularidad para mantenerme al d\u00eda y ofrecer consejos basados en los \u00faltimos avances cient\u00edficos.<\/div>\n<\/div>\n<div id=\"m_1114089952238660569DAB4FAD8-2DD7-40BB-A1B8-4E2AA1F9FDF2\"><\/div>\n<p>&nbsp;<\/p>\n<p>[\/et_pb_text][\/et_pb_column][\/et_pb_row][et_pb_row _builder_version=\u00bb4.27.0&#8243; _module_preset=\u00bbdefault\u00bb global_colors_info=\u00bb{}\u00bb][et_pb_column type=\u00bb4_4&#8243; _builder_version=\u00bb4.27.0&#8243; _module_preset=\u00bbdefault\u00bb global_colors_info=\u00bb{}\u00bb][et_pb_button button_url=\u00bbhttps:\/\/gloriallavador.fr\/prendre-rendez-vous\/\u00bb url_new_window=\u00bbon\u00bb button_text=\u00bbPide cita\u00bb button_alignment=\u00bbcenter\u00bb _builder_version=\u00bb4.27.0&#8243; _module_preset=\u00bbdefault\u00bb custom_button=\u00bbon\u00bb button_text_color=\u00bbgcid-4199f482-f769-4177-a413-9243ac9a326c\u00bb button_bg_color=\u00bbgcid-75f5fdb6-9c56-466b-94c7-d220f11e3666&#8243; button_border_color=\u00bbgcid-4199f482-f769-4177-a413-9243ac9a326c\u00bb button_border_radius=\u00bb39px\u00bb button_use_icon=\u00bboff\u00bb custom_margin=\u00bb25px||||false|false\u00bb box_shadow_style=\u00bbpreset1&#8243; global_colors_info=\u00bb{%22gcid-4199f482-f769-4177-a413-9243ac9a326c%22:%91%22button_text_color%22,%22button_border_color%22%93,%22gcid-75f5fdb6-9c56-466b-94c7-d220f11e3666%22:%91%22button_bg_color%22%93}\u00bb][\/et_pb_button][\/et_pb_column][\/et_pb_row][\/et_pb_section]<\/p>\n","protected":false},"excerpt":{"rendered":"<p>Desde que era ni\u00f1a, mi pasi\u00f3n por la naturaleza me ha guiado e inspirado. Explorando esta fascinaci\u00f3n decid\u00ed realizar estudios cient\u00edficos para comprenderla y protegerla mejor. Este camino me llev\u00f3 a descubrir otra vocaci\u00f3n: la nutrici\u00f3n. Un mundo en el que puedo combinar mis conocimientos cient\u00edficos con mi compromiso con el bienestar. La idea de [&hellip;]<\/p>\n","protected":false},"author":1,"featured_media":0,"parent":0,"menu_order":0,"comment_status":"closed","ping_status":"closed","template":"","meta":{"_et_pb_use_builder":"on","_et_pb_old_content":"","_et_gb_content_width":"","footnotes":""},"class_list":["post-735","page","type-page","status-publish","hentry"],"yoast_head":"<!-- This site is optimized with the Yoast SEO plugin v26.8 - https:\/\/yoast.com\/product\/yoast-seo-wordpress\/ -->\n<title>\u00bfQuien soy? - Gloria Llavador Nutrition<\/title>\n<meta name=\"description\" content=\"\u00bfQuien soy?\" \/>\n<meta name=\"robots\" content=\"index, follow, max-snippet:-1, max-image-preview:large, max-video-preview:-1\" \/>\n<link rel=\"canonical\" href=\"https:\/\/gloriallavador.fr\/es\/quien-soy\/\" \/>\n<meta property=\"og:locale\" content=\"es_ES\" \/>\n<meta property=\"og:type\" content=\"article\" \/>\n<meta property=\"og:title\" content=\"\u00bfQuien soy? - Gloria Llavador Nutrition\" \/>\n<meta property=\"og:description\" content=\"\u00bfQuien soy?\" \/>\n<meta property=\"og:url\" content=\"https:\/\/gloriallavador.fr\/es\/quien-soy\/\" \/>\n<meta property=\"og:site_name\" content=\"Gloria Llavador Nutrition\" \/>\n<meta property=\"article:modified_time\" content=\"2025-01-21T16:49:57+00:00\" \/>\n<meta name=\"twitter:card\" content=\"summary_large_image\" \/>\n<meta name=\"twitter:label1\" content=\"Tiempo de lectura\" \/>\n\t<meta name=\"twitter:data1\" content=\"5 minutos\" \/>\n<script type=\"application\/ld+json\" class=\"yoast-schema-graph\">{\"@context\":\"https:\/\/schema.org\",\"@graph\":[{\"@type\":\"WebPage\",\"@id\":\"https:\/\/gloriallavador.fr\/es\/quien-soy\/\",\"url\":\"https:\/\/gloriallavador.fr\/es\/quien-soy\/\",\"name\":\"\u00bfQuien soy? - Gloria Llavador Nutrition\",\"isPartOf\":{\"@id\":\"https:\/\/gloriallavador.fr\/es\/#website\"},\"datePublished\":\"2024-07-12T16:14:16+00:00\",\"dateModified\":\"2025-01-21T16:49:57+00:00\",\"description\":\"\u00bfQuien soy?\",\"breadcrumb\":{\"@id\":\"https:\/\/gloriallavador.fr\/es\/quien-soy\/#breadcrumb\"},\"inLanguage\":\"es\",\"potentialAction\":[{\"@type\":\"ReadAction\",\"target\":[\"https:\/\/gloriallavador.fr\/es\/quien-soy\/\"]}]},{\"@type\":\"BreadcrumbList\",\"@id\":\"https:\/\/gloriallavador.fr\/es\/quien-soy\/#breadcrumb\",\"itemListElement\":[{\"@type\":\"ListItem\",\"position\":1,\"name\":\"Home\",\"item\":\"https:\/\/gloriallavador.fr\/es\/inicio\/\"},{\"@type\":\"ListItem\",\"position\":2,\"name\":\"\u00bfQuien soy?\"}]},{\"@type\":\"WebSite\",\"@id\":\"https:\/\/gloriallavador.fr\/es\/#website\",\"url\":\"https:\/\/gloriallavador.fr\/es\/\",\"name\":\"Gloria Llavador Nutrition\",\"description\":\"Accompagnement nutrition personnalis\u00e9\",\"potentialAction\":[{\"@type\":\"SearchAction\",\"target\":{\"@type\":\"EntryPoint\",\"urlTemplate\":\"https:\/\/gloriallavador.fr\/es\/?s={search_term_string}\"},\"query-input\":{\"@type\":\"PropertyValueSpecification\",\"valueRequired\":true,\"valueName\":\"search_term_string\"}}],\"inLanguage\":\"es\"}]}<\/script>\n<!-- \/ Yoast SEO plugin. -->","yoast_head_json":{"title":"\u00bfQuien soy? - Gloria Llavador Nutrition","description":"\u00bfQuien soy?","robots":{"index":"index","follow":"follow","max-snippet":"max-snippet:-1","max-image-preview":"max-image-preview:large","max-video-preview":"max-video-preview:-1"},"canonical":"https:\/\/gloriallavador.fr\/es\/quien-soy\/","og_locale":"es_ES","og_type":"article","og_title":"\u00bfQuien soy? - Gloria Llavador Nutrition","og_description":"\u00bfQuien soy?","og_url":"https:\/\/gloriallavador.fr\/es\/quien-soy\/","og_site_name":"Gloria Llavador Nutrition","article_modified_time":"2025-01-21T16:49:57+00:00","twitter_card":"summary_large_image","twitter_misc":{"Tiempo de lectura":"5 minutos"},"schema":{"@context":"https:\/\/schema.org","@graph":[{"@type":"WebPage","@id":"https:\/\/gloriallavador.fr\/es\/quien-soy\/","url":"https:\/\/gloriallavador.fr\/es\/quien-soy\/","name":"\u00bfQuien soy? - Gloria Llavador Nutrition","isPartOf":{"@id":"https:\/\/gloriallavador.fr\/es\/#website"},"datePublished":"2024-07-12T16:14:16+00:00","dateModified":"2025-01-21T16:49:57+00:00","description":"\u00bfQuien soy?","breadcrumb":{"@id":"https:\/\/gloriallavador.fr\/es\/quien-soy\/#breadcrumb"},"inLanguage":"es","potentialAction":[{"@type":"ReadAction","target":["https:\/\/gloriallavador.fr\/es\/quien-soy\/"]}]},{"@type":"BreadcrumbList","@id":"https:\/\/gloriallavador.fr\/es\/quien-soy\/#breadcrumb","itemListElement":[{"@type":"ListItem","position":1,"name":"Home","item":"https:\/\/gloriallavador.fr\/es\/inicio\/"},{"@type":"ListItem","position":2,"name":"\u00bfQuien soy?"}]},{"@type":"WebSite","@id":"https:\/\/gloriallavador.fr\/es\/#website","url":"https:\/\/gloriallavador.fr\/es\/","name":"Gloria Llavador Nutrition","description":"Accompagnement nutrition personnalis\u00e9","potentialAction":[{"@type":"SearchAction","target":{"@type":"EntryPoint","urlTemplate":"https:\/\/gloriallavador.fr\/es\/?s={search_term_string}"},"query-input":{"@type":"PropertyValueSpecification","valueRequired":true,"valueName":"search_term_string"}}],"inLanguage":"es"}]}},"jetpack_sharing_enabled":true,"_links":{"self":[{"href":"https:\/\/gloriallavador.fr\/es\/wp-json\/wp\/v2\/pages\/735","targetHints":{"allow":["GET"]}}],"collection":[{"href":"https:\/\/gloriallavador.fr\/es\/wp-json\/wp\/v2\/pages"}],"about":[{"href":"https:\/\/gloriallavador.fr\/es\/wp-json\/wp\/v2\/types\/page"}],"author":[{"embeddable":true,"href":"https:\/\/gloriallavador.fr\/es\/wp-json\/wp\/v2\/users\/1"}],"replies":[{"embeddable":true,"href":"https:\/\/gloriallavador.fr\/es\/wp-json\/wp\/v2\/comments?post=735"}],"version-history":[{"count":2,"href":"https:\/\/gloriallavador.fr\/es\/wp-json\/wp\/v2\/pages\/735\/revisions"}],"predecessor-version":[{"id":737,"href":"https:\/\/gloriallavador.fr\/es\/wp-json\/wp\/v2\/pages\/735\/revisions\/737"}],"wp:attachment":[{"href":"https:\/\/gloriallavador.fr\/es\/wp-json\/wp\/v2\/media?parent=735"}],"curies":[{"name":"wp","href":"https:\/\/api.w.org\/{rel}","templated":true}]}}