{"id":782,"date":"2025-01-12T15:09:24","date_gmt":"2025-01-12T14:09:24","guid":{"rendered":"https:\/\/gloriallavador.fr\/pide-cita\/"},"modified":"2026-02-16T17:06:33","modified_gmt":"2026-02-16T16:06:33","slug":"pide-cita","status":"publish","type":"page","link":"https:\/\/gloriallavador.fr\/es\/pide-cita\/","title":{"rendered":"Pide cita"},"content":{"rendered":"<p>[et_pb_section fb_built=\u00bb1&#8243; _builder_version=\u00bb4.27.4&#8243; _module_preset=\u00bbdefault\u00bb background_color=\u00bbgcid-75f5fdb6-9c56-466b-94c7-d220f11e3666&#8243; custom_padding=\u00bb||0px||false|false\u00bb da_disable_devices=\u00bboff|off|off\u00bb global_colors_info=\u00bb{%22gcid-75f5fdb6-9c56-466b-94c7-d220f11e3666%22:%91%22background_color%22%93}\u00bb da_is_popup=\u00bboff\u00bb da_exit_intent=\u00bboff\u00bb da_has_close=\u00bbon\u00bb da_alt_close=\u00bboff\u00bb da_dark_close=\u00bboff\u00bb da_not_modal=\u00bbon\u00bb da_is_singular=\u00bboff\u00bb da_with_loader=\u00bboff\u00bb da_has_shadow=\u00bbon\u00bb][et_pb_row _builder_version=\u00bb4.27.0&#8243; _module_preset=\u00bbdefault\u00bb max_width=\u00bb1600px\u00bb global_colors_info=\u00bb{}\u00bb][et_pb_column type=\u00bb4_4&#8243; _builder_version=\u00bb4.27.0&#8243; _module_preset=\u00bbdefault\u00bb global_colors_info=\u00bb{}\u00bb][et_pb_heading title=\u00bb\u00a1Ponte en contacto conmigo para concertar una cita!\u00bb _builder_version=\u00bb4.27.0&#8243; _module_preset=\u00bbdefault\u00bb title_font=\u00bbAlegreya SC||||||||\u00bb title_text_color=\u00bbgcid-4199f482-f769-4177-a413-9243ac9a326c\u00bb global_colors_info=\u00bb{%22gcid-4199f482-f769-4177-a413-9243ac9a326c%22:%91%22title_text_color%22%93}\u00bb][\/et_pb_heading][et_pb_social_media_follow use_icon_font_size=\u00bbon\u00bb icon_font_size=\u00bb39px\u00bb _builder_version=\u00bb4.27.0&#8243; _module_preset=\u00bbdefault\u00bb text_orientation=\u00bbleft\u00bb border_radii=\u00bbon|18px|18px|18px|18px\u00bb box_shadow_style=\u00bbpreset1&#8243; global_colors_info=\u00bb{}\u00bb][et_pb_social_media_follow_network social_network=\u00bbwhatsapp\u00bb url=\u00bbhttps:\/\/wa.me\/33761737665&#8243; _builder_version=\u00bb4.27.0&#8243; _module_preset=\u00bbdefault\u00bb background_color=\u00bb#25D366&#8243; global_colors_info=\u00bb{}\u00bb follow_button=\u00bboff\u00bb url_new_window=\u00bbon\u00bb]whatsapp[\/et_pb_social_media_follow_network][\/et_pb_social_media_follow][et_pb_text _builder_version=\u00bb4.27.4&#8243; _module_preset=\u00bbdefault\u00bb global_colors_info=\u00bb{}\u00bb]<\/p>\n<p>Por whatsapp, Instagram o Facebook<\/p>\n<p>Por correo electr\u00f3nico: glorianutri1428@gmail.com<\/p>\n<p>[\/et_pb_text][\/et_pb_column][\/et_pb_row][\/et_pb_section][et_pb_section fb_built=\u00bb1&#8243; _builder_version=\u00bb4.27.0&#8243; _module_preset=\u00bbdefault\u00bb background_color=\u00bbgcid-75f5fdb6-9c56-466b-94c7-d220f11e3666&#8243; custom_margin=\u00bb||||false|false\u00bb custom_padding=\u00bb0px||||false|false\u00bb da_disable_devices=\u00bboff|off|off\u00bb global_colors_info=\u00bb{%22gcid-75f5fdb6-9c56-466b-94c7-d220f11e3666%22:%91%22background_color%22%93}\u00bb da_is_popup=\u00bboff\u00bb da_exit_intent=\u00bboff\u00bb da_has_close=\u00bbon\u00bb da_alt_close=\u00bboff\u00bb da_dark_close=\u00bboff\u00bb da_not_modal=\u00bbon\u00bb da_is_singular=\u00bboff\u00bb da_with_loader=\u00bboff\u00bb da_has_shadow=\u00bbon\u00bb][et_pb_row _builder_version=\u00bb4.27.0&#8243; _module_preset=\u00bbdefault\u00bb max_width=\u00bb1600px\u00bb link_option_url=\u00bbhttps:\/\/gloriallavador.fr\/es\/consultas\/\u00bb global_colors_info=\u00bb{}\u00bb][et_pb_column type=\u00bb4_4&#8243; _builder_version=\u00bb4.27.0&#8243; _module_preset=\u00bbdefault\u00bb global_colors_info=\u00bb{}\u00bb][et_pb_heading title=\u00bbPara saber m\u00e1s, haz clic aqu\u00ed:\u00bb _builder_version=\u00bb4.27.0&#8243; _module_preset=\u00bbdefault\u00bb title_font=\u00bbAlegreya SC||||||||\u00bb title_text_color=\u00bbgcid-4199f482-f769-4177-a413-9243ac9a326c\u00bb custom_margin=\u00bb0px||||false|false\u00bb global_colors_info=\u00bb{%22gcid-4199f482-f769-4177-a413-9243ac9a326c%22:%91%22title_text_color%22%93}\u00bb][\/et_pb_heading][et_pb_button button_url=\u00bbhttps:\/\/gloriallavador.fr\/es\/consultas\/\u00bb button_text=\u00bbMis consultas\u00bb button_alignment=\u00bbleft\u00bb _builder_version=\u00bb4.27.4&#8243; _module_preset=\u00bbdefault\u00bb custom_button=\u00bbon\u00bb button_text_color=\u00bbgcid-4199f482-f769-4177-a413-9243ac9a326c\u00bb button_bg_color=\u00bbgcid-75f5fdb6-9c56-466b-94c7-d220f11e3666&#8243; button_border_color=\u00bbgcid-4199f482-f769-4177-a413-9243ac9a326c\u00bb button_border_radius=\u00bb20px\u00bb box_shadow_style=\u00bbpreset1&#8243; box_shadow_blur=\u00bb28px\u00bb box_shadow_spread=\u00bb11px\u00bb global_colors_info=\u00bb{%22gcid-4199f482-f769-4177-a413-9243ac9a326c%22:%91%22button_text_color%22,%22button_border_color%22%93,%22gcid-75f5fdb6-9c56-466b-94c7-d220f11e3666%22:%91%22button_bg_color%22%93}\u00bb][\/et_pb_button][\/et_pb_column][\/et_pb_row][\/et_pb_section][et_pb_section fb_built=\u00bb1&#8243; _builder_version=\u00bb4.27.0&#8243; _module_preset=\u00bbdefault\u00bb background_color=\u00bbgcid-75f5fdb6-9c56-466b-94c7-d220f11e3666&#8243; custom_padding=\u00bb0px||||false|false\u00bb da_disable_devices=\u00bboff|off|off\u00bb global_colors_info=\u00bb{%22gcid-75f5fdb6-9c56-466b-94c7-d220f11e3666%22:%91%22background_color%22%93}\u00bb da_is_popup=\u00bboff\u00bb da_exit_intent=\u00bboff\u00bb da_has_close=\u00bbon\u00bb da_alt_close=\u00bboff\u00bb da_dark_close=\u00bboff\u00bb da_not_modal=\u00bbon\u00bb da_is_singular=\u00bboff\u00bb da_with_loader=\u00bboff\u00bb da_has_shadow=\u00bbon\u00bb][et_pb_row _builder_version=\u00bb4.27.4&#8243; _module_preset=\u00bbdefault\u00bb max_width=\u00bb1600px\u00bb global_colors_info=\u00bb{}\u00bb][et_pb_column type=\u00bb4_4&#8243; _builder_version=\u00bb4.23.1&#8243; _module_preset=\u00bbdefault\u00bb global_colors_info=\u00bb{}\u00bb][et_pb_heading title=\u00bbTarifas de consultas :\u00bb _builder_version=\u00bb4.27.0&#8243; _module_preset=\u00bbdefault\u00bb title_font=\u00bbAlegreya SC||||||||\u00bb title_text_color=\u00bbgcid-4199f482-f769-4177-a413-9243ac9a326c\u00bb custom_margin=\u00bb0px||||false|false\u00bb global_colors_info=\u00bb{%22gcid-4199f482-f769-4177-a413-9243ac9a326c%22:%91%22title_text_color%22%93}\u00bb][\/et_pb_heading][\/et_pb_column][\/et_pb_row][et_pb_row column_structure=\u00bb1_3,1_3,1_3&#8243; use_custom_gutter=\u00bbon\u00bb gutter_width=\u00bb2&#8243; _builder_version=\u00bb4.27.4&#8243; _module_preset=\u00bbdefault\u00bb max_width=\u00bb1000px\u00bb global_colors_info=\u00bb{}\u00bb transform_styles__hover_enabled=\u00bbon|hover\u00bb transform_scale__hover_enabled=\u00bbon|hover\u00bb transform_translate__hover_enabled=\u00bbon|desktop\u00bb transform_rotate__hover_enabled=\u00bbon|desktop\u00bb transform_skew__hover_enabled=\u00bbon|desktop\u00bb transform_origin__hover_enabled=\u00bbon|desktop\u00bb][et_pb_column type=\u00bb1_3&#8243; _builder_version=\u00bb4.27.0&#8243; _module_preset=\u00bbdefault\u00bb background_color=\u00bbRGBA(255,255,255,0)\u00bb border_radii=\u00bbon|20px|20px|20px|20px\u00bb border_width_all=\u00bb3px\u00bb border_color_all=\u00bbgcid-4199f482-f769-4177-a413-9243ac9a326c\u00bb box_shadow_style=\u00bbpreset1&#8243; box_shadow_horizontal=\u00bb15px\u00bb box_shadow_vertical=\u00bb10px\u00bb box_shadow_blur=\u00bb40px\u00bb global_colors_info=\u00bb{%22gcid-4199f482-f769-4177-a413-9243ac9a326c%22:%91%22border_color_all%22%93}\u00bb transform_styles__hover_enabled=\u00bbon|hover\u00bb transform_scale__hover_enabled=\u00bbon|hover\u00bb transform_translate__hover_enabled=\u00bbon|desktop\u00bb transform_rotate__hover_enabled=\u00bbon|desktop\u00bb transform_skew__hover_enabled=\u00bbon|desktop\u00bb transform_origin__hover_enabled=\u00bbon|desktop\u00bb transform_scale__hover=\u00bb105%|105%\u00bb][et_pb_heading title=\u00bbPrimera consulta\u00bb _builder_version=\u00bb4.27.0&#8243; _module_preset=\u00bbdefault\u00bb title_font=\u00bbAlegreya SC||||||||\u00bb title_text_align=\u00bbcenter\u00bb title_text_color=\u00bbgcid-4199f482-f769-4177-a413-9243ac9a326c\u00bb custom_margin=\u00bb15px||7px||false|false\u00bb global_colors_info=\u00bb{%22gcid-4199f482-f769-4177-a413-9243ac9a326c%22:%91%22title_text_color%22%93}\u00bb][\/et_pb_heading][et_pb_text _builder_version=\u00bb4.27.0&#8243; _module_preset=\u00bbdefault\u00bb text_font=\u00bbAlegreya SC||||||||\u00bb text_text_color=\u00bbgcid-75f5fdb6-9c56-466b-94c7-d220f11e3666&#8243; text_font_size=\u00bb60px\u00bb background_color=\u00bbgcid-4199f482-f769-4177-a413-9243ac9a326c\u00bb custom_margin=\u00bb0px||0px||false|false\u00bb custom_padding=\u00bb30px||40px||false|false\u00bb global_colors_info=\u00bb{%22gcid-4199f482-f769-4177-a413-9243ac9a326c%22:%91%22background_color%22%93,%22gcid-75f5fdb6-9c56-466b-94c7-d220f11e3666%22:%91%22text_text_color%22%93}\u00bb]<\/p>\n<p style=\"text-align: center;\">55\u20ac<\/p>\n<p>[\/et_pb_text][et_pb_text _builder_version=\u00bb4.27.0&#8243; _module_preset=\u00bbdefault\u00bb text_font=\u00bb||||||||\u00bb text_text_color=\u00bbgcid-4199f482-f769-4177-a413-9243ac9a326c\u00bb text_font_size=\u00bb16px\u00bb text_line_height=\u00bb1.6em\u00bb header_text_color=\u00bbgcid-bc4b2f48-c817-4858-8a45-88ed34b30aed\u00bb background_color=\u00bbRGBA(255,255,255,0)\u00bb custom_margin=\u00bb0px||0px||false|false\u00bb custom_padding=\u00bb30px|10px|20px|10px|false|false\u00bb global_colors_info=\u00bb{%22gcid-bc4b2f48-c817-4858-8a45-88ed34b30aed%22:%91%22header_text_color%22%93,%22gcid-4199f482-f769-4177-a413-9243ac9a326c%22:%91%22text_text_color%22%93}\u00bb]<\/p>\n<div class=\"et_pb_module et_pb_text et_pb_text_19 et_pb_text_align_left et_pb_bg_layout_light\">\n<div class=\"et_pb_text_inner\">\n<p data-start=\"58\" data-end=\"136\"><strong data-start=\"58\" data-end=\"97\">Env\u00edo de documentos previos a la consulta<\/strong><br data-start=\"97\" data-end=\"100\"><strong data-start=\"100\" data-end=\"134\">Evaluaci\u00f3n diet\u00e9tica (1h15 &#8211; 1h30)<\/strong><\/p>\n<ul data-start=\"137\" data-end=\"396\">\n<li data-start=\"137\" data-end=\"214\">An\u00e1lisis detallado de tus h\u00e1bitos alimentarios y tu estado de salud.<\/li>\n<li data-start=\"215\" data-end=\"277\">Asesoramiento nutricional personalizado y adaptado a tus necesidades.<\/li>\n<li data-start=\"278\" data-end=\"396\">Recomendaciones sobre suplementos, ejercicio f\u00edsico y t\u00e9cnicas de relajaci\u00f3n para el bienestar general.<\/li>\n<\/ul>\n<\/div>\n<\/div>\n<p>[\/et_pb_text][\/et_pb_column][et_pb_column type=\u00bb1_3&#8243; _builder_version=\u00bb4.27.0&#8243; _module_preset=\u00bbdefault\u00bb custom_padding=\u00bb0px||||false|false\u00bb border_radii=\u00bbon|20px|20px|20px|20px\u00bb border_width_all=\u00bb3px\u00bb border_color_all=\u00bbgcid-4199f482-f769-4177-a413-9243ac9a326c\u00bb box_shadow_style=\u00bbpreset1&#8243; box_shadow_horizontal=\u00bb15px\u00bb box_shadow_vertical=\u00bb10px\u00bb box_shadow_blur=\u00bb40px\u00bb global_colors_info=\u00bb{%22gcid-4199f482-f769-4177-a413-9243ac9a326c%22:%91%22border_color_all%22%93}\u00bb transform_styles__hover_enabled=\u00bbon|hover\u00bb transform_scale__hover_enabled=\u00bbon|hover\u00bb transform_translate__hover_enabled=\u00bbon|desktop\u00bb transform_rotate__hover_enabled=\u00bbon|desktop\u00bb transform_skew__hover_enabled=\u00bbon|desktop\u00bb transform_origin__hover_enabled=\u00bbon|desktop\u00bb transform_scale__hover=\u00bb105%|105%\u00bb][et_pb_heading title=\u00bbSeguimiento\u00bb _builder_version=\u00bb4.27.0&#8243; _module_preset=\u00bbdefault\u00bb title_font=\u00bbAlegreya SC||||||||\u00bb title_text_align=\u00bbcenter\u00bb title_text_color=\u00bbgcid-4199f482-f769-4177-a413-9243ac9a326c\u00bb custom_margin=\u00bb15px||7px||false|false\u00bb global_colors_info=\u00bb{%22gcid-4199f482-f769-4177-a413-9243ac9a326c%22:%91%22title_text_color%22%93}\u00bb][\/et_pb_heading][et_pb_text _builder_version=\u00bb4.27.0&#8243; _module_preset=\u00bbdefault\u00bb text_font=\u00bbAlegreya SC||||||||\u00bb text_text_color=\u00bbgcid-75f5fdb6-9c56-466b-94c7-d220f11e3666&#8243; text_font_size=\u00bb60px\u00bb background_color=\u00bbgcid-4199f482-f769-4177-a413-9243ac9a326c\u00bb custom_margin=\u00bb0px||2px||false|false\u00bb custom_padding=\u00bb30px||40px||false|false\u00bb global_colors_info=\u00bb{%22gcid-4199f482-f769-4177-a413-9243ac9a326c%22:%91%22background_color%22%93,%22gcid-75f5fdb6-9c56-466b-94c7-d220f11e3666%22:%91%22text_text_color%22%93}\u00bb]<\/p>\n<p style=\"text-align: center;\">35\u20ac<\/p>\n<p>[\/et_pb_text][et_pb_text _builder_version=\u00bb4.27.0&#8243; _module_preset=\u00bbdefault\u00bb text_font=\u00bb||||||||\u00bb text_text_color=\u00bbgcid-4199f482-f769-4177-a413-9243ac9a326c\u00bb text_font_size=\u00bb16px\u00bb text_line_height=\u00bb1.6em\u00bb header_text_color=\u00bbgcid-4199f482-f769-4177-a413-9243ac9a326c\u00bb background_color=\u00bbRGBA(255,255,255,0)\u00bb custom_margin=\u00bb0px||0px||false|false\u00bb custom_padding=\u00bb30px|10px|20px|10px|false|false\u00bb global_colors_info=\u00bb{%22gcid-4199f482-f769-4177-a413-9243ac9a326c%22:%91%22header_text_color%22,%22text_text_color%22%93}\u00bb]<\/p>\n<ul>\n<li style=\"text-align: left;\">\n<div class=\"et_pb_module et_pb_text et_pb_text_21 et_pb_text_align_left et_pb_bg_layout_light\">\n<div class=\"et_pb_text_inner\">\n<p data-start=\"75\" data-end=\"112\"><strong data-start=\"75\" data-end=\"110\">Consulta de 30 a 45 minutos<\/strong><\/p>\n<ul data-start=\"113\" data-end=\"221\">\n<li data-start=\"113\" data-end=\"158\">Evaluar tus objetivos nutricionales<\/li>\n<li data-start=\"159\" data-end=\"221\">Respuestas a tus preguntas y aclaraci\u00f3n de tus dudas<\/li>\n<\/ul>\n<\/div>\n<\/div>\n<\/li>\n<\/ul>\n<p>[\/et_pb_text][\/et_pb_column][et_pb_column type=\u00bb1_3&#8243; _builder_version=\u00bb4.27.0&#8243; _module_preset=\u00bbdefault\u00bb border_radii=\u00bbon|20px|20px|20px|20px\u00bb border_width_all=\u00bb3px\u00bb border_color_all=\u00bbgcid-4199f482-f769-4177-a413-9243ac9a326c\u00bb box_shadow_style=\u00bbpreset1&#8243; box_shadow_horizontal=\u00bb15px\u00bb box_shadow_vertical=\u00bb10px\u00bb box_shadow_blur=\u00bb40px\u00bb global_colors_info=\u00bb{%22gcid-4199f482-f769-4177-a413-9243ac9a326c%22:%91%22border_color_all%22%93}\u00bb transform_styles__hover_enabled=\u00bbon|hover\u00bb transform_scale__hover_enabled=\u00bbon|hover\u00bb transform_translate__hover_enabled=\u00bbon|desktop\u00bb transform_rotate__hover_enabled=\u00bbon|desktop\u00bb transform_skew__hover_enabled=\u00bbon|desktop\u00bb transform_origin__hover_enabled=\u00bbon|desktop\u00bb transform_scale__hover=\u00bb105%|105%\u00bb][et_pb_heading title=\u00bbPack 3 Consultas\u00bb _builder_version=\u00bb4.27.0&#8243; _module_preset=\u00bbdefault\u00bb title_font=\u00bbAlegreya SC||||||||\u00bb title_text_align=\u00bbcenter\u00bb title_text_color=\u00bbgcid-4199f482-f769-4177-a413-9243ac9a326c\u00bb custom_margin=\u00bb15px||7px||false|false\u00bb border_radii=\u00bbon|20px|20px|20px|20px\u00bb global_colors_info=\u00bb{%22gcid-4199f482-f769-4177-a413-9243ac9a326c%22:%91%22title_text_color%22%93}\u00bb][\/et_pb_heading][et_pb_text _builder_version=\u00bb4.27.0&#8243; _module_preset=\u00bbdefault\u00bb text_font=\u00bbAlegreya SC||||||||\u00bb text_text_color=\u00bbgcid-75f5fdb6-9c56-466b-94c7-d220f11e3666&#8243; text_font_size=\u00bb60px\u00bb background_color=\u00bbgcid-4199f482-f769-4177-a413-9243ac9a326c\u00bb custom_margin=\u00bb0px||2px||false|false\u00bb custom_padding=\u00bb40px||40px||true|false\u00bb global_colors_info=\u00bb{%22gcid-4199f482-f769-4177-a413-9243ac9a326c%22:%91%22background_color%22%93,%22gcid-75f5fdb6-9c56-466b-94c7-d220f11e3666%22:%91%22text_text_color%22%93}\u00bb]<\/p>\n<p style=\"text-align: center;\">110\u20ac<\/p>\n<p>[\/et_pb_text][et_pb_text _builder_version=\u00bb4.27.0&#8243; _module_preset=\u00bbdefault\u00bb text_font=\u00bb||||||||\u00bb text_text_color=\u00bbgcid-4199f482-f769-4177-a413-9243ac9a326c\u00bb text_font_size=\u00bb16px\u00bb text_line_height=\u00bb1.6em\u00bb header_text_color=\u00bbgcid-22ffed62-ecd4-407d-91d7-5376c8060a52&#8243; background_color=\u00bbRGBA(255,255,255,0)\u00bb custom_margin=\u00bb0px||0px||false|false\u00bb custom_padding=\u00bb30px|10px|20px|10px|false|false\u00bb global_colors_info=\u00bb{%22gcid-22ffed62-ecd4-407d-91d7-5376c8060a52%22:%91%22header_text_color%22%93,%22gcid-4199f482-f769-4177-a413-9243ac9a326c%22:%91%22text_text_color%22%93}\u00bb]<\/p>\n<ul>\n<li style=\"text-align: left;\">\n<div class=\"et_pb_module et_pb_text et_pb_text_23 et_pb_text_align_left et_pb_bg_layout_light\">\n<div class=\"et_pb_text_inner\">\n<p data-start=\"46\" data-end=\"75\"><strong data-start=\"46\" data-end=\"73\">Paquete de 3 consultas<\/strong><\/p>\n<ul data-start=\"76\" data-end=\"235\">\n<li data-start=\"76\" data-end=\"131\">Evaluaci\u00f3n diet\u00e9tica inicial + 2 consultas de seguimiento.<\/li>\n<li data-start=\"132\" data-end=\"186\">Apoyo personalizado durante unos 2 meses.<\/li>\n<li data-start=\"187\" data-end=\"235\">V\u00e1lido durante 6 meses a partir de la fecha de compra.<\/li>\n<\/ul>\n<\/div>\n<\/div>\n<\/li>\n<\/ul>\n<p>[\/et_pb_text][\/et_pb_column][\/et_pb_row][\/et_pb_section]<\/p>\n","protected":false},"excerpt":{"rendered":"<p>Por whatsapp, Instagram o Facebook Por correo electr\u00f3nico: glorianutri1428@gmail.com55\u20ac Env\u00edo de documentos previos a la consultaEvaluaci\u00f3n diet\u00e9tica (1h15 &#8211; 1h30) An\u00e1lisis detallado de tus h\u00e1bitos alimentarios y tu estado de salud. Asesoramiento nutricional personalizado y adaptado a tus necesidades. Recomendaciones sobre suplementos, ejercicio f\u00edsico y t\u00e9cnicas de relajaci\u00f3n para el bienestar general. 35\u20ac Consulta de [&hellip;]<\/p>\n","protected":false},"author":1,"featured_media":0,"parent":0,"menu_order":0,"comment_status":"closed","ping_status":"closed","template":"","meta":{"_et_pb_use_builder":"on","_et_pb_old_content":"","_et_gb_content_width":"","footnotes":""},"class_list":["post-782","page","type-page","status-publish","hentry"],"yoast_head":"<!-- This site is optimized with the Yoast SEO plugin v26.8 - https:\/\/yoast.com\/product\/yoast-seo-wordpress\/ -->\n<title>Pide cita - Gloria Llavador Nutrition<\/title>\n<meta name=\"robots\" content=\"index, follow, max-snippet:-1, max-image-preview:large, max-video-preview:-1\" \/>\n<link rel=\"canonical\" href=\"https:\/\/gloriallavador.fr\/es\/pide-cita\/\" \/>\n<meta property=\"og:locale\" content=\"es_ES\" \/>\n<meta property=\"og:type\" content=\"article\" \/>\n<meta property=\"og:title\" content=\"Pide cita - Gloria Llavador Nutrition\" \/>\n<meta property=\"og:description\" content=\"Por whatsapp, Instagram o Facebook Por correo electr\u00f3nico: glorianutri1428@gmail.com55\u20ac Env\u00edo de documentos previos a la consultaEvaluaci\u00f3n diet\u00e9tica (1h15 - 1h30) An\u00e1lisis detallado de tus h\u00e1bitos alimentarios y tu estado de salud. Asesoramiento nutricional personalizado y adaptado a tus necesidades. Recomendaciones sobre suplementos, ejercicio f\u00edsico y t\u00e9cnicas de relajaci\u00f3n para el bienestar general. 35\u20ac Consulta de [&hellip;]\" \/>\n<meta property=\"og:url\" content=\"https:\/\/gloriallavador.fr\/es\/pide-cita\/\" \/>\n<meta property=\"og:site_name\" content=\"Gloria Llavador Nutrition\" \/>\n<meta property=\"article:modified_time\" content=\"2026-02-16T16:06:33+00:00\" \/>\n<meta name=\"twitter:card\" content=\"summary_large_image\" \/>\n<meta name=\"twitter:label1\" content=\"Tiempo de lectura\" \/>\n\t<meta name=\"twitter:data1\" content=\"10 minutos\" \/>\n<script type=\"application\/ld+json\" class=\"yoast-schema-graph\">{\"@context\":\"https:\/\/schema.org\",\"@graph\":[{\"@type\":\"WebPage\",\"@id\":\"https:\/\/gloriallavador.fr\/es\/pide-cita\/\",\"url\":\"https:\/\/gloriallavador.fr\/es\/pide-cita\/\",\"name\":\"Pide cita - Gloria Llavador Nutrition\",\"isPartOf\":{\"@id\":\"https:\/\/gloriallavador.fr\/es\/#website\"},\"datePublished\":\"2025-01-12T14:09:24+00:00\",\"dateModified\":\"2026-02-16T16:06:33+00:00\",\"breadcrumb\":{\"@id\":\"https:\/\/gloriallavador.fr\/es\/pide-cita\/#breadcrumb\"},\"inLanguage\":\"es\",\"potentialAction\":[{\"@type\":\"ReadAction\",\"target\":[\"https:\/\/gloriallavador.fr\/es\/pide-cita\/\"]}]},{\"@type\":\"BreadcrumbList\",\"@id\":\"https:\/\/gloriallavador.fr\/es\/pide-cita\/#breadcrumb\",\"itemListElement\":[{\"@type\":\"ListItem\",\"position\":1,\"name\":\"Home\",\"item\":\"https:\/\/gloriallavador.fr\/es\/inicio\/\"},{\"@type\":\"ListItem\",\"position\":2,\"name\":\"Pide cita\"}]},{\"@type\":\"WebSite\",\"@id\":\"https:\/\/gloriallavador.fr\/es\/#website\",\"url\":\"https:\/\/gloriallavador.fr\/es\/\",\"name\":\"Gloria Llavador Nutrition\",\"description\":\"Accompagnement nutrition personnalis\u00e9\",\"potentialAction\":[{\"@type\":\"SearchAction\",\"target\":{\"@type\":\"EntryPoint\",\"urlTemplate\":\"https:\/\/gloriallavador.fr\/es\/?s={search_term_string}\"},\"query-input\":{\"@type\":\"PropertyValueSpecification\",\"valueRequired\":true,\"valueName\":\"search_term_string\"}}],\"inLanguage\":\"es\"}]}<\/script>\n<!-- \/ Yoast SEO plugin. -->","yoast_head_json":{"title":"Pide cita - Gloria Llavador Nutrition","robots":{"index":"index","follow":"follow","max-snippet":"max-snippet:-1","max-image-preview":"max-image-preview:large","max-video-preview":"max-video-preview:-1"},"canonical":"https:\/\/gloriallavador.fr\/es\/pide-cita\/","og_locale":"es_ES","og_type":"article","og_title":"Pide cita - Gloria Llavador Nutrition","og_description":"Por whatsapp, Instagram o Facebook Por correo electr\u00f3nico: glorianutri1428@gmail.com55\u20ac Env\u00edo de documentos previos a la consultaEvaluaci\u00f3n diet\u00e9tica (1h15 - 1h30) An\u00e1lisis detallado de tus h\u00e1bitos alimentarios y tu estado de salud. Asesoramiento nutricional personalizado y adaptado a tus necesidades. Recomendaciones sobre suplementos, ejercicio f\u00edsico y t\u00e9cnicas de relajaci\u00f3n para el bienestar general. 35\u20ac Consulta de [&hellip;]","og_url":"https:\/\/gloriallavador.fr\/es\/pide-cita\/","og_site_name":"Gloria Llavador Nutrition","article_modified_time":"2026-02-16T16:06:33+00:00","twitter_card":"summary_large_image","twitter_misc":{"Tiempo de lectura":"10 minutos"},"schema":{"@context":"https:\/\/schema.org","@graph":[{"@type":"WebPage","@id":"https:\/\/gloriallavador.fr\/es\/pide-cita\/","url":"https:\/\/gloriallavador.fr\/es\/pide-cita\/","name":"Pide cita - Gloria Llavador Nutrition","isPartOf":{"@id":"https:\/\/gloriallavador.fr\/es\/#website"},"datePublished":"2025-01-12T14:09:24+00:00","dateModified":"2026-02-16T16:06:33+00:00","breadcrumb":{"@id":"https:\/\/gloriallavador.fr\/es\/pide-cita\/#breadcrumb"},"inLanguage":"es","potentialAction":[{"@type":"ReadAction","target":["https:\/\/gloriallavador.fr\/es\/pide-cita\/"]}]},{"@type":"BreadcrumbList","@id":"https:\/\/gloriallavador.fr\/es\/pide-cita\/#breadcrumb","itemListElement":[{"@type":"ListItem","position":1,"name":"Home","item":"https:\/\/gloriallavador.fr\/es\/inicio\/"},{"@type":"ListItem","position":2,"name":"Pide cita"}]},{"@type":"WebSite","@id":"https:\/\/gloriallavador.fr\/es\/#website","url":"https:\/\/gloriallavador.fr\/es\/","name":"Gloria Llavador Nutrition","description":"Accompagnement nutrition personnalis\u00e9","potentialAction":[{"@type":"SearchAction","target":{"@type":"EntryPoint","urlTemplate":"https:\/\/gloriallavador.fr\/es\/?s={search_term_string}"},"query-input":{"@type":"PropertyValueSpecification","valueRequired":true,"valueName":"search_term_string"}}],"inLanguage":"es"}]}},"jetpack_sharing_enabled":true,"_links":{"self":[{"href":"https:\/\/gloriallavador.fr\/es\/wp-json\/wp\/v2\/pages\/782","targetHints":{"allow":["GET"]}}],"collection":[{"href":"https:\/\/gloriallavador.fr\/es\/wp-json\/wp\/v2\/pages"}],"about":[{"href":"https:\/\/gloriallavador.fr\/es\/wp-json\/wp\/v2\/types\/page"}],"author":[{"embeddable":true,"href":"https:\/\/gloriallavador.fr\/es\/wp-json\/wp\/v2\/users\/1"}],"replies":[{"embeddable":true,"href":"https:\/\/gloriallavador.fr\/es\/wp-json\/wp\/v2\/comments?post=782"}],"version-history":[{"count":16,"href":"https:\/\/gloriallavador.fr\/es\/wp-json\/wp\/v2\/pages\/782\/revisions"}],"predecessor-version":[{"id":1443,"href":"https:\/\/gloriallavador.fr\/es\/wp-json\/wp\/v2\/pages\/782\/revisions\/1443"}],"wp:attachment":[{"href":"https:\/\/gloriallavador.fr\/es\/wp-json\/wp\/v2\/media?parent=782"}],"curies":[{"name":"wp","href":"https:\/\/api.w.org\/{rel}","templated":true}]}}