{"id":1085,"date":"2025-03-07T15:08:41","date_gmt":"2025-03-07T14:08:41","guid":{"rendered":"https:\/\/gloriallavador.fr\/produit\/pack-3-consultas\/"},"modified":"2025-03-07T15:08:41","modified_gmt":"2025-03-07T14:08:41","slug":"pack-3-consultas","status":"publish","type":"product","link":"https:\/\/gloriallavador.fr\/es\/produit\/pack-3-consultas\/","title":{"rendered":"Pack 3 Consultas"},"content":{"rendered":"<p>El pack de 3 consultas contiene:<\/p>\n<ul>\n<li>Primera consulta<\/li>\n<li>Dos consultas de seguimiento<\/li>\n<\/ul>\n","protected":false},"excerpt":{"rendered":"<ul>\n<li>Primera consulta<\/li>\n<li>Dos consultas de seguimiento<\/li>\n<\/ul>\n<p>&nbsp;<\/p>\n","protected":false},"featured_media":968,"comment_status":"open","ping_status":"closed","template":"","meta":{"_et_pb_use_builder":"off","_et_pb_old_content":"La primera consulta incluye :\n<ul>\n \t<li>1h15 de consulta<\/li>\n \t<li>Asesoramiento nutricional personalizado<\/li>\n \t<li>Recetas que se adaptan al tiempo de que dispones, a tus habilidades culinarias,...<\/li>\n \t<li>Men\u00fa semanal adaptado a tus gustos<\/li>\n \t<li>Lista de la compra<\/li>\n \t<li>Consejos sobre suplementos, ejercicio f\u00edsico y t\u00e9cnicas de relajaci\u00f3n.<\/li>\n<\/ul>\n\u00c9sta es la consulta m\u00e1s importante y tambi\u00e9n la m\u00e1s larga. Dura alrededor de 1h15 y en ella hacemos tu historial m\u00e9dico, hablamos de tus objetivos y ponemos en marcha los h\u00e1bitos que m\u00e1s te convienen.\nSeg\u00fan el tipo de asesoramiento que necesites, puedo pedirte que completes un diario de alimentos antes de la consulta. ","_et_gb_content_width":""},"product_brand":[],"product_cat":[48,49],"product_tag":[46],"class_list":{"0":"post-1085","1":"product","2":"type-product","3":"status-publish","4":"has-post-thumbnail","6":"product_cat-consultas-2","7":"product_cat-reserva","8":"product_tag-consulta-2","10":"first","11":"instock","12":"virtual","13":"purchasable","14":"product-type-simple"},"yoast_head":"<!-- This site is optimized with the Yoast SEO plugin v26.8 - https:\/\/yoast.com\/product\/yoast-seo-wordpress\/ -->\n<title>Pack 3 Consultas - Gloria Llavador Nutrition<\/title>\n<meta name=\"robots\" content=\"index, follow, max-snippet:-1, max-image-preview:large, max-video-preview:-1\" \/>\n<link rel=\"canonical\" href=\"https:\/\/gloriallavador.fr\/es\/produit\/pack-3-consultas\/\" \/>\n<meta property=\"og:locale\" content=\"es_ES\" \/>\n<meta property=\"og:type\" content=\"article\" \/>\n<meta property=\"og:title\" content=\"Pack 3 Consultas - Gloria Llavador Nutrition\" \/>\n<meta property=\"og:description\" content=\"Primera consulta  Dos consultas de seguimiento &nbsp;\" \/>\n<meta property=\"og:url\" content=\"https:\/\/gloriallavador.fr\/es\/produit\/pack-3-consultas\/\" \/>\n<meta property=\"og:site_name\" content=\"Gloria Llavador Nutrition\" \/>\n<meta property=\"og:image\" content=\"https:\/\/gloriallavador.fr\/wp-content\/uploads\/2025\/03\/tijana-drndarski-ta0b_NDxi6k-unsplash1-scaled.jpg\" \/>\n\t<meta property=\"og:image:width\" content=\"1707\" \/>\n\t<meta property=\"og:image:height\" content=\"2560\" \/>\n\t<meta property=\"og:image:type\" content=\"image\/jpeg\" \/>\n<meta name=\"twitter:card\" content=\"summary_large_image\" \/>\n<script type=\"application\/ld+json\" class=\"yoast-schema-graph\">{\"@context\":\"https:\/\/schema.org\",\"@graph\":[{\"@type\":\"WebPage\",\"@id\":\"https:\/\/gloriallavador.fr\/es\/produit\/pack-3-consultas\/\",\"url\":\"https:\/\/gloriallavador.fr\/es\/produit\/pack-3-consultas\/\",\"name\":\"Pack 3 Consultas - Gloria Llavador Nutrition\",\"isPartOf\":{\"@id\":\"https:\/\/gloriallavador.fr\/es\/#website\"},\"primaryImageOfPage\":{\"@id\":\"https:\/\/gloriallavador.fr\/es\/produit\/pack-3-consultas\/#primaryimage\"},\"image\":{\"@id\":\"https:\/\/gloriallavador.fr\/es\/produit\/pack-3-consultas\/#primaryimage\"},\"thumbnailUrl\":\"https:\/\/gloriallavador.fr\/wp-content\/uploads\/2025\/03\/tijana-drndarski-ta0b_NDxi6k-unsplash1-scaled.jpg\",\"datePublished\":\"2025-03-07T14:08:41+00:00\",\"breadcrumb\":{\"@id\":\"https:\/\/gloriallavador.fr\/es\/produit\/pack-3-consultas\/#breadcrumb\"},\"inLanguage\":\"es\",\"potentialAction\":[{\"@type\":\"ReadAction\",\"target\":[\"https:\/\/gloriallavador.fr\/es\/produit\/pack-3-consultas\/\"]}]},{\"@type\":\"ImageObject\",\"inLanguage\":\"es\",\"@id\":\"https:\/\/gloriallavador.fr\/es\/produit\/pack-3-consultas\/#primaryimage\",\"url\":\"https:\/\/gloriallavador.fr\/wp-content\/uploads\/2025\/03\/tijana-drndarski-ta0b_NDxi6k-unsplash1-scaled.jpg\",\"contentUrl\":\"https:\/\/gloriallavador.fr\/wp-content\/uploads\/2025\/03\/tijana-drndarski-ta0b_NDxi6k-unsplash1-scaled.jpg\",\"width\":1707,\"height\":2560},{\"@type\":\"BreadcrumbList\",\"@id\":\"https:\/\/gloriallavador.fr\/es\/produit\/pack-3-consultas\/#breadcrumb\",\"itemListElement\":[{\"@type\":\"ListItem\",\"position\":1,\"name\":\"Home\",\"item\":\"https:\/\/gloriallavador.fr\/es\/inicio\/\"},{\"@type\":\"ListItem\",\"position\":2,\"name\":\"Tienda\",\"item\":\"https:\/\/gloriallavador.fr\/es\/tienda\/\"},{\"@type\":\"ListItem\",\"position\":3,\"name\":\"Pack 3 Consultas\"}]},{\"@type\":\"WebSite\",\"@id\":\"https:\/\/gloriallavador.fr\/es\/#website\",\"url\":\"https:\/\/gloriallavador.fr\/es\/\",\"name\":\"Gloria Llavador Nutrition\",\"description\":\"Accompagnement nutrition personnalis\u00e9\",\"potentialAction\":[{\"@type\":\"SearchAction\",\"target\":{\"@type\":\"EntryPoint\",\"urlTemplate\":\"https:\/\/gloriallavador.fr\/es\/?s={search_term_string}\"},\"query-input\":{\"@type\":\"PropertyValueSpecification\",\"valueRequired\":true,\"valueName\":\"search_term_string\"}}],\"inLanguage\":\"es\"}]}<\/script>\n<!-- \/ Yoast SEO plugin. -->","yoast_head_json":{"title":"Pack 3 Consultas - Gloria Llavador Nutrition","robots":{"index":"index","follow":"follow","max-snippet":"max-snippet:-1","max-image-preview":"max-image-preview:large","max-video-preview":"max-video-preview:-1"},"canonical":"https:\/\/gloriallavador.fr\/es\/produit\/pack-3-consultas\/","og_locale":"es_ES","og_type":"article","og_title":"Pack 3 Consultas - Gloria Llavador Nutrition","og_description":"Primera consulta  Dos consultas de seguimiento &nbsp;","og_url":"https:\/\/gloriallavador.fr\/es\/produit\/pack-3-consultas\/","og_site_name":"Gloria Llavador Nutrition","og_image":[{"width":1707,"height":2560,"url":"https:\/\/gloriallavador.fr\/wp-content\/uploads\/2025\/03\/tijana-drndarski-ta0b_NDxi6k-unsplash1-scaled.jpg","type":"image\/jpeg"}],"twitter_card":"summary_large_image","schema":{"@context":"https:\/\/schema.org","@graph":[{"@type":"WebPage","@id":"https:\/\/gloriallavador.fr\/es\/produit\/pack-3-consultas\/","url":"https:\/\/gloriallavador.fr\/es\/produit\/pack-3-consultas\/","name":"Pack 3 Consultas - Gloria Llavador Nutrition","isPartOf":{"@id":"https:\/\/gloriallavador.fr\/es\/#website"},"primaryImageOfPage":{"@id":"https:\/\/gloriallavador.fr\/es\/produit\/pack-3-consultas\/#primaryimage"},"image":{"@id":"https:\/\/gloriallavador.fr\/es\/produit\/pack-3-consultas\/#primaryimage"},"thumbnailUrl":"https:\/\/gloriallavador.fr\/wp-content\/uploads\/2025\/03\/tijana-drndarski-ta0b_NDxi6k-unsplash1-scaled.jpg","datePublished":"2025-03-07T14:08:41+00:00","breadcrumb":{"@id":"https:\/\/gloriallavador.fr\/es\/produit\/pack-3-consultas\/#breadcrumb"},"inLanguage":"es","potentialAction":[{"@type":"ReadAction","target":["https:\/\/gloriallavador.fr\/es\/produit\/pack-3-consultas\/"]}]},{"@type":"ImageObject","inLanguage":"es","@id":"https:\/\/gloriallavador.fr\/es\/produit\/pack-3-consultas\/#primaryimage","url":"https:\/\/gloriallavador.fr\/wp-content\/uploads\/2025\/03\/tijana-drndarski-ta0b_NDxi6k-unsplash1-scaled.jpg","contentUrl":"https:\/\/gloriallavador.fr\/wp-content\/uploads\/2025\/03\/tijana-drndarski-ta0b_NDxi6k-unsplash1-scaled.jpg","width":1707,"height":2560},{"@type":"BreadcrumbList","@id":"https:\/\/gloriallavador.fr\/es\/produit\/pack-3-consultas\/#breadcrumb","itemListElement":[{"@type":"ListItem","position":1,"name":"Home","item":"https:\/\/gloriallavador.fr\/es\/inicio\/"},{"@type":"ListItem","position":2,"name":"Tienda","item":"https:\/\/gloriallavador.fr\/es\/tienda\/"},{"@type":"ListItem","position":3,"name":"Pack 3 Consultas"}]},{"@type":"WebSite","@id":"https:\/\/gloriallavador.fr\/es\/#website","url":"https:\/\/gloriallavador.fr\/es\/","name":"Gloria Llavador Nutrition","description":"Accompagnement nutrition personnalis\u00e9","potentialAction":[{"@type":"SearchAction","target":{"@type":"EntryPoint","urlTemplate":"https:\/\/gloriallavador.fr\/es\/?s={search_term_string}"},"query-input":{"@type":"PropertyValueSpecification","valueRequired":true,"valueName":"search_term_string"}}],"inLanguage":"es"}]}},"jetpack_sharing_enabled":true,"_links":{"self":[{"href":"https:\/\/gloriallavador.fr\/es\/wp-json\/wp\/v2\/product\/1085","targetHints":{"allow":["GET"]}}],"collection":[{"href":"https:\/\/gloriallavador.fr\/es\/wp-json\/wp\/v2\/product"}],"about":[{"href":"https:\/\/gloriallavador.fr\/es\/wp-json\/wp\/v2\/types\/product"}],"replies":[{"embeddable":true,"href":"https:\/\/gloriallavador.fr\/es\/wp-json\/wp\/v2\/comments?post=1085"}],"wp:featuredmedia":[{"embeddable":true,"href":"https:\/\/gloriallavador.fr\/es\/wp-json\/wp\/v2\/media\/968"}],"wp:attachment":[{"href":"https:\/\/gloriallavador.fr\/es\/wp-json\/wp\/v2\/media?parent=1085"}],"wp:term":[{"taxonomy":"product_brand","embeddable":true,"href":"https:\/\/gloriallavador.fr\/es\/wp-json\/wp\/v2\/product_brand?post=1085"},{"taxonomy":"product_cat","embeddable":true,"href":"https:\/\/gloriallavador.fr\/es\/wp-json\/wp\/v2\/product_cat?post=1085"},{"taxonomy":"product_tag","embeddable":true,"href":"https:\/\/gloriallavador.fr\/es\/wp-json\/wp\/v2\/product_tag?post=1085"}],"curies":[{"name":"wp","href":"https:\/\/api.w.org\/{rel}","templated":true}]}}