{"id":1086,"date":"2025-03-07T15:00:56","date_gmt":"2025-03-07T14:00:56","guid":{"rendered":"https:\/\/gloriallavador.fr\/produit\/consulta-de-seguimiento\/"},"modified":"2025-03-07T15:00:56","modified_gmt":"2025-03-07T14:00:56","slug":"consulta-de-seguimiento","status":"publish","type":"product","link":"https:\/\/gloriallavador.fr\/es\/produit\/consulta-de-seguimiento\/","title":{"rendered":"Consulta de seguimiento"},"content":{"rendered":"<div class=\"et_pb_module et_pb_text et_pb_text_17 et_pb_text_align_left et_pb_bg_layout_light\">\n<div class=\"et_pb_text_inner\">\n<p>Una consulta nutricional de seguimiento es un paso esencial para evaluar tus progresos, adaptar tu plan nutricional y ayudarte a alcanzar tus objetivos.<\/p>\n<h4><strong>1. Revisar tu progreso<\/strong><\/h4>\n<p>Empezaremos hablando de tu experiencia desde nuestra \u00faltima reuni\u00f3n. Hablaremos de tus \u00e9xitos, de tus dificultades, de los cambios que has observado en tu bienestar o estado de salud y, sobre todo, de c\u00f3mo te sientes con el plan nutricional y las recomendaciones que has puesto en pr\u00e1ctica. <\/p>\n<h4><strong>2. Evaluaci\u00f3n de los par\u00e1metros clave<\/strong><\/h4>\n<p>En funci\u00f3n de tus necesidades, revisamos determinados indicadores, como tu nivel de energ\u00eda, tu digesti\u00f3n o cualquier otro factor relacionado con tu salud.<\/p>\n<p>Cuando se trata de controlar tu progreso nutricional, es esencial recordar que el peso s\u00f3lo cuenta una parte de la historia. Aunque a menudo se utiliza como punto de referencia, hay otros factores que desempe\u00f1an un papel clave en la evaluaci\u00f3n de tu bienestar general (niveles de energ\u00eda, calidad del sue\u00f1o, ropa y forma del cuerpo, digesti\u00f3n, etc.). El peso es s\u00f3lo un n\u00famero. Si no te sientes c\u00f3modo trabajando con este indicador, hay alternativas.   <\/p>\n<h4><strong>3. Ajuste del plan nutricional<\/strong><\/h4>\n<p>Bas\u00e1ndonos en la informaci\u00f3n recogida, adaptamos tu plan nutricional.<\/p>\n<h4><strong>4. Asesoramiento personalizado<\/strong><\/h4>\n<p>Terminamos la consulta con recomendaciones concretas adaptadas a tu vida cotidiana.<\/p>\n<h4><strong>5. Planificar la siguiente etapa<\/strong><\/h4>\n<p>Por \u00faltimo, definimos juntos los objetivos que debes alcanzar antes de la siguiente consulta y concertamos otra cita, si es necesario, para seguir supervisando tus progresos.<\/p>\n<\/div>\n<\/div>\n<div class=\"et_pb_module et_pb_text et_pb_text_18 et_pb_text_align_left et_pb_bg_layout_light\">\n<div class=\"et_pb_text_inner\">\n<p>Adem\u00e1s de asegurarnos de que el programa funciona, esta sesi\u00f3n nos ayudar\u00e1 a determinar si las pautas son adecuadas para ti y si tenemos que hacer alg\u00fan cambio.<br \/>\nEsta sesi\u00f3n dura aproximadamente 30 minutos.<\/p>\n<\/div>\n<\/div>\n","protected":false},"excerpt":{"rendered":"<p data-start=\"196\" data-end=\"553\">\ud83d\udd52 <strong data-start=\"165\" data-end=\"192\">Duraci\u00f3n: de 45 a 60 minutos<\/strong><\/p>\n<p data-start=\"196\" data-end=\"553\">El ritmo y la frecuencia de nuestras reuniones se determinan <strong data-start=\"257\" data-end=\"269\">juntos<\/strong>, en funci\u00f3n de lo que m\u00e1s te convenga (tiempo disponible, presupuesto, objetivos, etc.). Cada sesi\u00f3n es una oportunidad para hacer balance de tus progresos, celebrar tus \u00e9xitos e identificar los retos que debes superar. Es <strong data-start=\"501\" data-end=\"550\">una verdadera oportunidad para el debate y el ajuste<\/strong>. <\/p>\n<p data-start=\"1013\" data-end=\"1324\">La duraci\u00f3n del seguimiento puede variar: <strong data-start=\"1045\" data-end=\"1157\">unas pocas sesiones para un ajuste puntual, o un apoyo m\u00e1s prolongado para cambios en profundidad<\/strong>. Lo m\u00e1s importante es <strong data-start=\"1192\" data-end=\"1206\">mantener la regularidad<\/strong>, pues es lo que te permitir\u00e1 conseguir una autonom\u00eda duradera y una relaci\u00f3n sana con tu comida. <\/p>\n","protected":false},"featured_media":976,"comment_status":"open","ping_status":"closed","template":"","meta":{"_et_pb_use_builder":"off","_et_pb_old_content":"La primera consulta incluye :\n<ul>\n \t<li>1h15 de consulta<\/li>\n \t<li>Asesoramiento nutricional personalizado<\/li>\n \t<li>Recetas que se adaptan al tiempo de que dispones, a tus habilidades culinarias,...<\/li>\n \t<li>Men\u00fa semanal adaptado a tus gustos<\/li>\n \t<li>Lista de la compra<\/li>\n \t<li>Consejos sobre suplementos, ejercicio f\u00edsico y t\u00e9cnicas de relajaci\u00f3n.<\/li>\n<\/ul>\n\u00c9sta es la consulta m\u00e1s importante y tambi\u00e9n la m\u00e1s larga. Dura alrededor de 1h15 y en ella hacemos tu historial m\u00e9dico, hablamos de tus objetivos y ponemos en marcha los h\u00e1bitos que m\u00e1s te convienen.\nSeg\u00fan el tipo de asesoramiento que necesites, puedo pedirte que completes un diario de alimentos antes de la consulta. ","_et_gb_content_width":""},"product_brand":[],"product_cat":[48,49],"product_tag":[46],"class_list":{"0":"post-1086","1":"product","2":"type-product","3":"status-publish","4":"has-post-thumbnail","6":"product_cat-consultas-2","7":"product_cat-reserva","8":"product_tag-consulta-2","10":"first","11":"instock","12":"virtual","13":"purchasable","14":"product-type-simple"},"yoast_head":"<!-- This site is optimized with the Yoast SEO plugin v26.8 - https:\/\/yoast.com\/product\/yoast-seo-wordpress\/ -->\n<title>Consulta de seguimiento - Gloria Llavador Nutrition<\/title>\n<meta name=\"robots\" content=\"index, follow, max-snippet:-1, max-image-preview:large, max-video-preview:-1\" \/>\n<link rel=\"canonical\" href=\"https:\/\/gloriallavador.fr\/es\/produit\/consulta-de-seguimiento\/\" \/>\n<meta property=\"og:locale\" content=\"es_ES\" \/>\n<meta property=\"og:type\" content=\"article\" \/>\n<meta property=\"og:title\" content=\"Consulta de seguimiento - Gloria Llavador Nutrition\" \/>\n<meta property=\"og:description\" content=\"\ud83d\udd52 Duraci\u00f3n: de 45 a 60 minutos El ritmo y la frecuencia de nuestras reuniones se determinan juntos, en funci\u00f3n de lo que m\u00e1s te convenga (tiempo disponible, presupuesto, objetivos, etc.). Cada sesi\u00f3n es una oportunidad para hacer balance de tus progresos, celebrar tus \u00e9xitos e identificar los retos que debes superar. Es una verdadera oportunidad para el debate y el ajuste. La duraci\u00f3n del seguimiento puede variar: unas pocas sesiones para un ajuste puntual, o un apoyo m\u00e1s prolongado para cambios en profundidad. Lo m\u00e1s importante es mantener la regularidad, pues es lo que te permitir\u00e1 conseguir una autonom\u00eda duradera y una relaci\u00f3n sana con tu comida.\" \/>\n<meta property=\"og:url\" content=\"https:\/\/gloriallavador.fr\/es\/produit\/consulta-de-seguimiento\/\" \/>\n<meta property=\"og:site_name\" content=\"Gloria Llavador Nutrition\" \/>\n<meta property=\"og:image\" content=\"https:\/\/gloriallavador.fr\/wp-content\/uploads\/2025\/03\/deon-black-aVKgw21_3tY-unsplash-scaled.jpg\" \/>\n\t<meta property=\"og:image:width\" content=\"2560\" \/>\n\t<meta property=\"og:image:height\" content=\"1666\" \/>\n\t<meta property=\"og:image:type\" content=\"image\/jpeg\" \/>\n<meta name=\"twitter:card\" content=\"summary_large_image\" \/>\n<meta name=\"twitter:label1\" content=\"Tiempo de lectura\" \/>\n\t<meta name=\"twitter:data1\" content=\"1 minuto\" \/>\n<script type=\"application\/ld+json\" class=\"yoast-schema-graph\">{\"@context\":\"https:\/\/schema.org\",\"@graph\":[{\"@type\":\"WebPage\",\"@id\":\"https:\/\/gloriallavador.fr\/es\/produit\/consulta-de-seguimiento\/\",\"url\":\"https:\/\/gloriallavador.fr\/es\/produit\/consulta-de-seguimiento\/\",\"name\":\"Consulta de seguimiento - Gloria Llavador Nutrition\",\"isPartOf\":{\"@id\":\"https:\/\/gloriallavador.fr\/es\/#website\"},\"primaryImageOfPage\":{\"@id\":\"https:\/\/gloriallavador.fr\/es\/produit\/consulta-de-seguimiento\/#primaryimage\"},\"image\":{\"@id\":\"https:\/\/gloriallavador.fr\/es\/produit\/consulta-de-seguimiento\/#primaryimage\"},\"thumbnailUrl\":\"https:\/\/gloriallavador.fr\/wp-content\/uploads\/2025\/03\/deon-black-aVKgw21_3tY-unsplash-scaled.jpg\",\"datePublished\":\"2025-03-07T14:00:56+00:00\",\"breadcrumb\":{\"@id\":\"https:\/\/gloriallavador.fr\/es\/produit\/consulta-de-seguimiento\/#breadcrumb\"},\"inLanguage\":\"es\",\"potentialAction\":[{\"@type\":\"ReadAction\",\"target\":[\"https:\/\/gloriallavador.fr\/es\/produit\/consulta-de-seguimiento\/\"]}]},{\"@type\":\"ImageObject\",\"inLanguage\":\"es\",\"@id\":\"https:\/\/gloriallavador.fr\/es\/produit\/consulta-de-seguimiento\/#primaryimage\",\"url\":\"https:\/\/gloriallavador.fr\/wp-content\/uploads\/2025\/03\/deon-black-aVKgw21_3tY-unsplash-scaled.jpg\",\"contentUrl\":\"https:\/\/gloriallavador.fr\/wp-content\/uploads\/2025\/03\/deon-black-aVKgw21_3tY-unsplash-scaled.jpg\",\"width\":2560,\"height\":1666},{\"@type\":\"BreadcrumbList\",\"@id\":\"https:\/\/gloriallavador.fr\/es\/produit\/consulta-de-seguimiento\/#breadcrumb\",\"itemListElement\":[{\"@type\":\"ListItem\",\"position\":1,\"name\":\"Home\",\"item\":\"https:\/\/gloriallavador.fr\/es\/inicio\/\"},{\"@type\":\"ListItem\",\"position\":2,\"name\":\"Tienda\",\"item\":\"https:\/\/gloriallavador.fr\/es\/tienda\/\"},{\"@type\":\"ListItem\",\"position\":3,\"name\":\"Consulta de seguimiento\"}]},{\"@type\":\"WebSite\",\"@id\":\"https:\/\/gloriallavador.fr\/es\/#website\",\"url\":\"https:\/\/gloriallavador.fr\/es\/\",\"name\":\"Gloria Llavador Nutrition\",\"description\":\"Accompagnement nutrition personnalis\u00e9\",\"potentialAction\":[{\"@type\":\"SearchAction\",\"target\":{\"@type\":\"EntryPoint\",\"urlTemplate\":\"https:\/\/gloriallavador.fr\/es\/?s={search_term_string}\"},\"query-input\":{\"@type\":\"PropertyValueSpecification\",\"valueRequired\":true,\"valueName\":\"search_term_string\"}}],\"inLanguage\":\"es\"}]}<\/script>\n<!-- \/ Yoast SEO plugin. -->","yoast_head_json":{"title":"Consulta de seguimiento - Gloria Llavador Nutrition","robots":{"index":"index","follow":"follow","max-snippet":"max-snippet:-1","max-image-preview":"max-image-preview:large","max-video-preview":"max-video-preview:-1"},"canonical":"https:\/\/gloriallavador.fr\/es\/produit\/consulta-de-seguimiento\/","og_locale":"es_ES","og_type":"article","og_title":"Consulta de seguimiento - Gloria Llavador Nutrition","og_description":"\ud83d\udd52 Duraci\u00f3n: de 45 a 60 minutos El ritmo y la frecuencia de nuestras reuniones se determinan juntos, en funci\u00f3n de lo que m\u00e1s te convenga (tiempo disponible, presupuesto, objetivos, etc.). Cada sesi\u00f3n es una oportunidad para hacer balance de tus progresos, celebrar tus \u00e9xitos e identificar los retos que debes superar. Es una verdadera oportunidad para el debate y el ajuste. La duraci\u00f3n del seguimiento puede variar: unas pocas sesiones para un ajuste puntual, o un apoyo m\u00e1s prolongado para cambios en profundidad. Lo m\u00e1s importante es mantener la regularidad, pues es lo que te permitir\u00e1 conseguir una autonom\u00eda duradera y una relaci\u00f3n sana con tu comida.","og_url":"https:\/\/gloriallavador.fr\/es\/produit\/consulta-de-seguimiento\/","og_site_name":"Gloria Llavador Nutrition","og_image":[{"width":2560,"height":1666,"url":"https:\/\/gloriallavador.fr\/wp-content\/uploads\/2025\/03\/deon-black-aVKgw21_3tY-unsplash-scaled.jpg","type":"image\/jpeg"}],"twitter_card":"summary_large_image","twitter_misc":{"Tiempo de lectura":"1 minuto"},"schema":{"@context":"https:\/\/schema.org","@graph":[{"@type":"WebPage","@id":"https:\/\/gloriallavador.fr\/es\/produit\/consulta-de-seguimiento\/","url":"https:\/\/gloriallavador.fr\/es\/produit\/consulta-de-seguimiento\/","name":"Consulta de seguimiento - Gloria Llavador Nutrition","isPartOf":{"@id":"https:\/\/gloriallavador.fr\/es\/#website"},"primaryImageOfPage":{"@id":"https:\/\/gloriallavador.fr\/es\/produit\/consulta-de-seguimiento\/#primaryimage"},"image":{"@id":"https:\/\/gloriallavador.fr\/es\/produit\/consulta-de-seguimiento\/#primaryimage"},"thumbnailUrl":"https:\/\/gloriallavador.fr\/wp-content\/uploads\/2025\/03\/deon-black-aVKgw21_3tY-unsplash-scaled.jpg","datePublished":"2025-03-07T14:00:56+00:00","breadcrumb":{"@id":"https:\/\/gloriallavador.fr\/es\/produit\/consulta-de-seguimiento\/#breadcrumb"},"inLanguage":"es","potentialAction":[{"@type":"ReadAction","target":["https:\/\/gloriallavador.fr\/es\/produit\/consulta-de-seguimiento\/"]}]},{"@type":"ImageObject","inLanguage":"es","@id":"https:\/\/gloriallavador.fr\/es\/produit\/consulta-de-seguimiento\/#primaryimage","url":"https:\/\/gloriallavador.fr\/wp-content\/uploads\/2025\/03\/deon-black-aVKgw21_3tY-unsplash-scaled.jpg","contentUrl":"https:\/\/gloriallavador.fr\/wp-content\/uploads\/2025\/03\/deon-black-aVKgw21_3tY-unsplash-scaled.jpg","width":2560,"height":1666},{"@type":"BreadcrumbList","@id":"https:\/\/gloriallavador.fr\/es\/produit\/consulta-de-seguimiento\/#breadcrumb","itemListElement":[{"@type":"ListItem","position":1,"name":"Home","item":"https:\/\/gloriallavador.fr\/es\/inicio\/"},{"@type":"ListItem","position":2,"name":"Tienda","item":"https:\/\/gloriallavador.fr\/es\/tienda\/"},{"@type":"ListItem","position":3,"name":"Consulta de seguimiento"}]},{"@type":"WebSite","@id":"https:\/\/gloriallavador.fr\/es\/#website","url":"https:\/\/gloriallavador.fr\/es\/","name":"Gloria Llavador Nutrition","description":"Accompagnement nutrition personnalis\u00e9","potentialAction":[{"@type":"SearchAction","target":{"@type":"EntryPoint","urlTemplate":"https:\/\/gloriallavador.fr\/es\/?s={search_term_string}"},"query-input":{"@type":"PropertyValueSpecification","valueRequired":true,"valueName":"search_term_string"}}],"inLanguage":"es"}]}},"jetpack_sharing_enabled":true,"_links":{"self":[{"href":"https:\/\/gloriallavador.fr\/es\/wp-json\/wp\/v2\/product\/1086","targetHints":{"allow":["GET"]}}],"collection":[{"href":"https:\/\/gloriallavador.fr\/es\/wp-json\/wp\/v2\/product"}],"about":[{"href":"https:\/\/gloriallavador.fr\/es\/wp-json\/wp\/v2\/types\/product"}],"replies":[{"embeddable":true,"href":"https:\/\/gloriallavador.fr\/es\/wp-json\/wp\/v2\/comments?post=1086"}],"wp:featuredmedia":[{"embeddable":true,"href":"https:\/\/gloriallavador.fr\/es\/wp-json\/wp\/v2\/media\/976"}],"wp:attachment":[{"href":"https:\/\/gloriallavador.fr\/es\/wp-json\/wp\/v2\/media?parent=1086"}],"wp:term":[{"taxonomy":"product_brand","embeddable":true,"href":"https:\/\/gloriallavador.fr\/es\/wp-json\/wp\/v2\/product_brand?post=1086"},{"taxonomy":"product_cat","embeddable":true,"href":"https:\/\/gloriallavador.fr\/es\/wp-json\/wp\/v2\/product_cat?post=1086"},{"taxonomy":"product_tag","embeddable":true,"href":"https:\/\/gloriallavador.fr\/es\/wp-json\/wp\/v2\/product_tag?post=1086"}],"curies":[{"name":"wp","href":"https:\/\/api.w.org\/{rel}","templated":true}]}}